{"id":50032,"date":"2020-11-11T20:09:03","date_gmt":"2020-11-11T19:09:03","guid":{"rendered":"https:\/\/curasolutions.at\/?page_id=50032"},"modified":"2020-11-11T20:09:03","modified_gmt":"2020-11-11T19:09:03","slug":"imprint","status":"publish","type":"page","link":"https:\/\/curasolutions.at\/en\/imprint\/","title":{"rendered":"Imprint"},"content":{"rendered":"<p>[et_pb_section fb_built=&#8221;1&#8243; _builder_version=&#8221;4.6.6&#8243; _module_preset=&#8221;default&#8221;][et_pb_row _builder_version=&#8221;4.6.6&#8243; _module_preset=&#8221;default&#8221;][et_pb_column type=&#8221;4_4&#8243; _builder_version=&#8221;4.6.6&#8243; _module_preset=&#8221;default&#8221;][et_pb_post_title meta=&#8221;off&#8221; _builder_version=&#8221;4.6.6&#8243; _module_preset=&#8221;default&#8221; title_font=&#8221;|800||on|||||&#8221;][\/et_pb_post_title][et_pb_text _builder_version=&#8221;4.6.6&#8243; _module_preset=&#8221;default&#8221;]<\/p>\n<p><strong>Type of business:<\/strong> Development, production and distribution of products for disinfecting ambient air, surfaces and water-transport systems<\/p>\n<p><strong>Registered office:<\/strong> <br \/>Frauengasse 2, 2700 Wiener Neustadt, Austria<\/p>\n<p><strong>Postal Address:<\/strong> <br \/>Frauengasse 2, 2700 Wiener Neustadt, Austria<br \/>Telephone\u00a0(+43) 2622 32912<br \/>E-Mail\u00a0<a href=\"mailto:office@curasolutions.at\">office@curasolutions.at<br \/><\/a><\/p>\n<p>Company registration\u00a0FN 103992f<br \/>VAT\u00a0ATU 51983108<br \/>Court of registry\u00a0Landesgericht Wiener Neustadt<br \/>Member of Wirtschaftskammer Nieder\u00f6sterreich<br \/>Applicable statutory provisions\u00a0Gewerbeordnung:\u00a0<a href=\"http:\/\/www.ris.bka.gv.at\/\">ris.bka.gv.at<\/a><\/p>\n<p><strong>Disclosure in accordance with \u00a725 Abs 5 MedienG<br \/><\/strong><span style=\"font-size: 14px;\">Name of media owner\u00a0CuraSolutions GmbH<br \/><\/span>Type of business\u00a0Development, production and distribution of products for disinfecting ambient air, surfaces and water-transport systems<br \/>Domicile of media owner\u00a0Frauengasse 2, 2700 Wiener Neustadt, Austria<\/p>\n<p><strong>Data Protection Policy<\/strong><br \/>We would like to inform you that personal data is handled in accordance with applicable national and European data protection regulations.<\/p>\n<p><strong>Legal Notice<br \/><\/strong>All content on this website is protected by copyright. Transfer of this content without the explicit permission of the copyright holder is prohibited. All rights reserved.<\/p>\n<p><strong>Credits<br \/> <\/strong><span style=\"font-size: 14px;\">Curasolutions GmbH<\/span><\/p>\n<p>Concept, Design,\u00a0<span style=\"font-size: 14px;\">Web Development: <a href=\"https:\/\/knc.at\">Kings &amp; Cake Werbeagentur<\/a><\/span><\/p>\n<p>&nbsp;<\/p>\n<p>[\/et_pb_text][\/et_pb_column][\/et_pb_row][\/et_pb_section]<\/p>\n","protected":false},"excerpt":{"rendered":"<p>Type of business: Development, production and distribution of products for disinfecting ambient air, surfaces and water-transport systems Registered office: Frauengasse 2, 2700 Wiener Neustadt, Austria Postal Address: Frauengasse 2, 2700 Wiener Neustadt, AustriaTelephone\u00a0(+43) 2622 32912E-Mail\u00a0office@curasolutions.at Company registration\u00a0FN 103992fVAT\u00a0ATU 51983108Court of registry\u00a0Landesgericht Wiener NeustadtMember of Wirtschaftskammer Nieder\u00f6sterreichApplicable statutory provisions\u00a0Gewerbeordnung:\u00a0ris.bka.gv.at Disclosure in accordance with \u00a725 Abs 5 [&hellip;]<\/p>\n","protected":false},"author":1,"featured_media":0,"parent":0,"menu_order":0,"comment_status":"closed","ping_status":"closed","template":"","meta":{"_et_pb_use_builder":"on","_et_pb_old_content":"[et_pb_section fb_built=\"1\" _builder_version=\"4.6.6\" _module_preset=\"default\"][et_pb_row _builder_version=\"4.6.6\" _module_preset=\"default\"][et_pb_column _builder_version=\"4.6.6\" _module_preset=\"default\" type=\"4_4\"][et_pb_post_title _builder_version=\"4.6.6\" _module_preset=\"default\" meta=\"off\" title_font=\"|800||on|||||\" hover_enabled=\"0\" sticky_enabled=\"0\"][\/et_pb_post_title][et_pb_text _builder_version=\"4.6.6\" _module_preset=\"default\" hover_enabled=\"0\" sticky_enabled=\"0\"]<strong>CuraSolutions GmbH<\/strong>\r\nUnternehmensgegenstand: Entwicklung, Produktion und Handel mit Produkten zur Desinfektion der Raumluft, von Oberfl\u00e4chen, sowie von wasserf\u00fchrenden Systemen\r\n\r\nFirmensitz: Frauengasse 2, 2700 Wiener Neustadt, \u00d6sterreich\r\n<span style=\"font-size: 14px;\">Postanschrift: Frauengasse 2, 2700 Wiener Neustadt, \u00d6sterreich\r\n<\/span><span style=\"font-size: 14px;\">Telefon (+43) 2622 32912\r\n<\/span><span style=\"font-size: 14px;\">E-Mail <a href=\"mailto:office@curasolutions.at\">office@curasolutions.at<\/a>\r\n<\/span><span style=\"font-size: 14px;\">Firmenbuch FN 103992f\r\n<\/span><span style=\"font-size: 14px;\">UID ATU 51983108<\/span>\r\n\r\nFirmenbuchgericht Landesgericht Wiener Neustadt\r\n<span style=\"font-size: 14px;\">Mitglied der Wirtschaftskammer Nieder\u00f6sterreich\r\n<\/span><span style=\"font-size: 14px;\">Anwendbare Rechtsvorschriften Gewerbeordnung: ris.bka.gv.at<\/span>\r\n\r\n<span style=\"font-size: 14px;\"><strong>Offenlegung nach \u00a725 Abs 5 MedienG<\/strong>\r\n<\/span><span style=\"font-size: 14px;\">Name des Medieninhabers CuraSolutions GmbH\r\n<\/span><span style=\"font-size: 14px;\">Unternehmensgegenstand Entwicklung, Produktion und Handel mit Produkten zur Desinfektion der Raumluft, von Oberfl\u00e4chen, sowie von wasserf\u00fchrenden Systemen\r\n<\/span><span style=\"font-size: 14px;\">Sitz des Medieninhabers Frauengasse 2, 2700 Wiener Neustadt, \u00d6sterreich<\/span>\r\n\r\n<strong>Datenschutzerkl\u00e4rung\r\n<\/strong><span style=\"font-size: 14px;\">Wir m\u00f6chten Sie dar\u00fcber informieren, dass pers\u00f6nliche Daten unter Beachtung der geltenden nationalen und europ\u00e4ischen Datenschutzvorschriften behandelt werden.<\/span>\r\n\r\n<strong>Rechtliche Hinweise\r\n<\/strong><span style=\"font-size: 14px;\">Alle Inhalte dieser Website sind urheberrechtlich gesch\u00fctzt. Eine Weitergabe dieser ohne ausdr\u00fcckliche Zustimmung des Rechteinhabers ist untersagt. Alle Rechte vorbehalten.<\/span>\r\n\r\n<strong>Verweise und Links<\/strong>\r\n<span style=\"font-size: 14px;\">CuraSolutions GmbH \u00fcbernimmt keinerlei Haftung f\u00fcr Inhalte und Informationen, deren Genauigkeit, Vollst\u00e4ndigkeit oder Authentizit\u00e4t von Internetseiten, auf die diese Website mithilfe von Hypertext-Links verweist. Der Zugriff auf andere Websites mithilfe dieser Hypertext-Links erfolgt auf eigene Verantwortung.<\/span>\r\n\r\n<strong>Credits\r\n<\/strong><span style=\"font-size: 14px;\">Curasolutions GmbH<\/span>\r\n\r\nKonzept und Design,\u00a0<span style=\"font-size: 14px;\">Web Development: <a href=\"https:\/\/knc.at\">Kings & Cake Werbeagentur<\/a><\/span>\r\n\r\n\u00a0[\/et_pb_text][\/et_pb_column][\/et_pb_row][\/et_pb_section]","_et_gb_content_width":"","footnotes":""},"class_list":["post-50032","page","type-page","status-publish","hentry"],"yoast_head":"<!-- This site is optimized with the Yoast SEO plugin v23.5 - https:\/\/yoast.com\/wordpress\/plugins\/seo\/ -->\n<title>Imprint - CuraSolutions<\/title>\n<meta name=\"robots\" content=\"index, follow, max-snippet:-1, max-image-preview:large, max-video-preview:-1\" \/>\n<link rel=\"canonical\" href=\"https:\/\/curasolutions.at\/en\/imprint\/\" \/>\n<meta property=\"og:locale\" content=\"en_US\" \/>\n<meta property=\"og:type\" content=\"article\" \/>\n<meta property=\"og:title\" content=\"Imprint - CuraSolutions\" \/>\n<meta property=\"og:description\" content=\"Type of business: Development, production and distribution of products for disinfecting ambient air, surfaces and water-transport systems Registered office: Frauengasse 2, 2700 Wiener Neustadt, Austria Postal Address: Frauengasse 2, 2700 Wiener Neustadt, AustriaTelephone\u00a0(+43) 2622 32912E-Mail\u00a0office@curasolutions.at Company registration\u00a0FN 103992fVAT\u00a0ATU 51983108Court of registry\u00a0Landesgericht Wiener NeustadtMember of Wirtschaftskammer Nieder\u00f6sterreichApplicable statutory provisions\u00a0Gewerbeordnung:\u00a0ris.bka.gv.at Disclosure in accordance with \u00a725 Abs 5 [&hellip;]\" \/>\n<meta property=\"og:url\" content=\"https:\/\/curasolutions.at\/en\/imprint\/\" \/>\n<meta property=\"og:site_name\" content=\"CuraSolutions\" \/>\n<meta name=\"twitter:card\" content=\"summary_large_image\" \/>\n<meta name=\"twitter:label1\" content=\"Est. reading time\" \/>\n\t<meta name=\"twitter:data1\" content=\"1 minute\" \/>\n<script type=\"application\/ld+json\" class=\"yoast-schema-graph\">{\"@context\":\"https:\/\/schema.org\",\"@graph\":[{\"@type\":\"WebPage\",\"@id\":\"https:\/\/curasolutions.at\/en\/imprint\/\",\"url\":\"https:\/\/curasolutions.at\/en\/imprint\/\",\"name\":\"Imprint - CuraSolutions\",\"isPartOf\":{\"@id\":\"https:\/\/curasolutions.at\/#website\"},\"datePublished\":\"2020-11-11T19:09:03+00:00\",\"dateModified\":\"2020-11-11T19:09:03+00:00\",\"breadcrumb\":{\"@id\":\"https:\/\/curasolutions.at\/en\/imprint\/#breadcrumb\"},\"inLanguage\":\"en-US\",\"potentialAction\":[{\"@type\":\"ReadAction\",\"target\":[\"https:\/\/curasolutions.at\/en\/imprint\/\"]}]},{\"@type\":\"BreadcrumbList\",\"@id\":\"https:\/\/curasolutions.at\/en\/imprint\/#breadcrumb\",\"itemListElement\":[{\"@type\":\"ListItem\",\"position\":1,\"name\":\"Startseite\",\"item\":\"https:\/\/curasolutions.at\/en\/\"},{\"@type\":\"ListItem\",\"position\":2,\"name\":\"Imprint\"}]},{\"@type\":\"WebSite\",\"@id\":\"https:\/\/curasolutions.at\/#website\",\"url\":\"https:\/\/curasolutions.at\/\",\"name\":\"CuraSolutions\",\"description\":\"by nature.\",\"publisher\":{\"@id\":\"https:\/\/curasolutions.at\/#organization\"},\"potentialAction\":[{\"@type\":\"SearchAction\",\"target\":{\"@type\":\"EntryPoint\",\"urlTemplate\":\"https:\/\/curasolutions.at\/?s={search_term_string}\"},\"query-input\":{\"@type\":\"PropertyValueSpecification\",\"valueRequired\":true,\"valueName\":\"search_term_string\"}}],\"inLanguage\":\"en-US\"},{\"@type\":\"Organization\",\"@id\":\"https:\/\/curasolutions.at\/#organization\",\"name\":\"Curasolutions GmbH\",\"url\":\"https:\/\/curasolutions.at\/\",\"logo\":{\"@type\":\"ImageObject\",\"inLanguage\":\"en-US\",\"@id\":\"https:\/\/curasolutions.at\/#\/schema\/logo\/image\/\",\"url\":\"https:\/\/curasolutions.at\/wordpress\/wp-content\/uploads\/2020\/11\/cs_Logo_1c.jpg\",\"contentUrl\":\"https:\/\/curasolutions.at\/wordpress\/wp-content\/uploads\/2020\/11\/cs_Logo_1c.jpg\",\"width\":1654,\"height\":378,\"caption\":\"Curasolutions GmbH\"},\"image\":{\"@id\":\"https:\/\/curasolutions.at\/#\/schema\/logo\/image\/\"}}]}<\/script>\n<!-- \/ Yoast SEO plugin. -->","yoast_head_json":{"title":"Imprint - CuraSolutions","robots":{"index":"index","follow":"follow","max-snippet":"max-snippet:-1","max-image-preview":"max-image-preview:large","max-video-preview":"max-video-preview:-1"},"canonical":"https:\/\/curasolutions.at\/en\/imprint\/","og_locale":"en_US","og_type":"article","og_title":"Imprint - CuraSolutions","og_description":"Type of business: Development, production and distribution of products for disinfecting ambient air, surfaces and water-transport systems Registered office: Frauengasse 2, 2700 Wiener Neustadt, Austria Postal Address: Frauengasse 2, 2700 Wiener Neustadt, AustriaTelephone\u00a0(+43) 2622 32912E-Mail\u00a0office@curasolutions.at Company registration\u00a0FN 103992fVAT\u00a0ATU 51983108Court of registry\u00a0Landesgericht Wiener NeustadtMember of Wirtschaftskammer Nieder\u00f6sterreichApplicable statutory provisions\u00a0Gewerbeordnung:\u00a0ris.bka.gv.at Disclosure in accordance with \u00a725 Abs 5 [&hellip;]","og_url":"https:\/\/curasolutions.at\/en\/imprint\/","og_site_name":"CuraSolutions","twitter_card":"summary_large_image","twitter_misc":{"Est. reading time":"1 minute"},"schema":{"@context":"https:\/\/schema.org","@graph":[{"@type":"WebPage","@id":"https:\/\/curasolutions.at\/en\/imprint\/","url":"https:\/\/curasolutions.at\/en\/imprint\/","name":"Imprint - CuraSolutions","isPartOf":{"@id":"https:\/\/curasolutions.at\/#website"},"datePublished":"2020-11-11T19:09:03+00:00","dateModified":"2020-11-11T19:09:03+00:00","breadcrumb":{"@id":"https:\/\/curasolutions.at\/en\/imprint\/#breadcrumb"},"inLanguage":"en-US","potentialAction":[{"@type":"ReadAction","target":["https:\/\/curasolutions.at\/en\/imprint\/"]}]},{"@type":"BreadcrumbList","@id":"https:\/\/curasolutions.at\/en\/imprint\/#breadcrumb","itemListElement":[{"@type":"ListItem","position":1,"name":"Startseite","item":"https:\/\/curasolutions.at\/en\/"},{"@type":"ListItem","position":2,"name":"Imprint"}]},{"@type":"WebSite","@id":"https:\/\/curasolutions.at\/#website","url":"https:\/\/curasolutions.at\/","name":"CuraSolutions","description":"by nature.","publisher":{"@id":"https:\/\/curasolutions.at\/#organization"},"potentialAction":[{"@type":"SearchAction","target":{"@type":"EntryPoint","urlTemplate":"https:\/\/curasolutions.at\/?s={search_term_string}"},"query-input":{"@type":"PropertyValueSpecification","valueRequired":true,"valueName":"search_term_string"}}],"inLanguage":"en-US"},{"@type":"Organization","@id":"https:\/\/curasolutions.at\/#organization","name":"Curasolutions GmbH","url":"https:\/\/curasolutions.at\/","logo":{"@type":"ImageObject","inLanguage":"en-US","@id":"https:\/\/curasolutions.at\/#\/schema\/logo\/image\/","url":"https:\/\/curasolutions.at\/wordpress\/wp-content\/uploads\/2020\/11\/cs_Logo_1c.jpg","contentUrl":"https:\/\/curasolutions.at\/wordpress\/wp-content\/uploads\/2020\/11\/cs_Logo_1c.jpg","width":1654,"height":378,"caption":"Curasolutions GmbH"},"image":{"@id":"https:\/\/curasolutions.at\/#\/schema\/logo\/image\/"}}]}},"_links":{"self":[{"href":"https:\/\/curasolutions.at\/en\/wp-json\/wp\/v2\/pages\/50032"}],"collection":[{"href":"https:\/\/curasolutions.at\/en\/wp-json\/wp\/v2\/pages"}],"about":[{"href":"https:\/\/curasolutions.at\/en\/wp-json\/wp\/v2\/types\/page"}],"author":[{"embeddable":true,"href":"https:\/\/curasolutions.at\/en\/wp-json\/wp\/v2\/users\/1"}],"replies":[{"embeddable":true,"href":"https:\/\/curasolutions.at\/en\/wp-json\/wp\/v2\/comments?post=50032"}],"version-history":[{"count":3,"href":"https:\/\/curasolutions.at\/en\/wp-json\/wp\/v2\/pages\/50032\/revisions"}],"predecessor-version":[{"id":50036,"href":"https:\/\/curasolutions.at\/en\/wp-json\/wp\/v2\/pages\/50032\/revisions\/50036"}],"wp:attachment":[{"href":"https:\/\/curasolutions.at\/en\/wp-json\/wp\/v2\/media?parent=50032"}],"curies":[{"name":"wp","href":"https:\/\/api.w.org\/{rel}","templated":true}]}}